{"id":11,"date":"2022-12-16T10:14:33","date_gmt":"2022-12-16T10:14:33","guid":{"rendered":"https:\/\/gtmpowder.com\/?page_id=11"},"modified":"2023-04-06T08:48:58","modified_gmt":"2023-04-06T08:48:58","slug":"hakkimizda","status":"publish","type":"page","link":"https:\/\/gtmpowder.com\/en\/hakkimizda\/","title":{"rendered":"About Us"},"content":{"rendered":"<div data-elementor-type=\"wp-page\" data-elementor-id=\"11\" class=\"elementor elementor-11\">\n\t\t\t\t\t\t<section data-particle_enable=\"false\" data-particle-mobile-disabled=\"false\" class=\"elementor-section elementor-top-section elementor-element elementor-element-fd87d21 elementor-section-boxed elementor-section-height-default elementor-section-height-default\" data-id=\"fd87d21\" data-element_type=\"section\" data-settings=\"{&quot;background_background&quot;:&quot;gradient&quot;}\">\n\t\t\t\t\t\t<div class=\"elementor-container elementor-column-gap-default\">\n\t\t\t\t\t<div class=\"elementor-column elementor-col-100 elementor-top-column elementor-element elementor-element-7d567ac\" data-id=\"7d567ac\" data-element_type=\"column\">\n\t\t\t<div class=\"elementor-widget-wrap elementor-element-populated\">\n\t\t\t\t\t\t<div class=\"elementor-element elementor-element-9289fd1 elementor-widget elementor-widget-theme-post-title elementor-page-title elementor-widget-heading\" data-id=\"9289fd1\" data-element_type=\"widget\" data-widget_type=\"theme-post-title.default\">\n\t\t\t\t<div class=\"elementor-widget-container\">\n\t\t\t<h1 class=\"elementor-heading-title elementor-size-default\">About Us<\/h1>\t\t<\/div>\n\t\t\t\t<\/div>\n\t\t\t\t\t<\/div>\n\t\t<\/div>\n\t\t\t\t\t<\/div>\n\t\t<\/section>\n\t\t\t\t<section data-particle_enable=\"false\" data-particle-mobile-disabled=\"false\" class=\"elementor-section elementor-top-section elementor-element elementor-element-24252ba elementor-section-boxed elementor-section-height-default elementor-section-height-default\" data-id=\"24252ba\" data-element_type=\"section\">\n\t\t\t\t\t\t<div class=\"elementor-container elementor-column-gap-default\">\n\t\t\t\t\t<div class=\"elementor-column elementor-col-50 elementor-top-column elementor-element elementor-element-746ecb8\" data-id=\"746ecb8\" data-element_type=\"column\">\n\t\t\t<div class=\"elementor-widget-wrap elementor-element-populated\">\n\t\t\t\t\t\t<div class=\"elementor-element elementor-element-871f24c elementor-widget elementor-widget-text-editor\" data-id=\"871f24c\" data-element_type=\"widget\" data-widget_type=\"text-editor.default\">\n\t\t\t\t<div class=\"elementor-widget-container\">\n\t\t\t\t\t\t\t<p>As GTM Powder, we carry out the domestic production and supply of powdered materials used in powder metallurgy, soldering-welding and abrasive manufacturing sectors. In addition, we provide inspection and consultancy services regarding the use of powder materials, their classification and products obtained from powder materials. Our products and services are in compliance with ISO and ASTM standards for aviation, automotive, mining, medical, paint, pharmaceutical and chemical industries.<\/p>\n<p>&nbsp;<\/p>\n<p>Our company, which offers a complete solution for powder form materials, provides 100% domestic production of all kinds of industrial or laboratory type sieves that provide classification of powders, in line with the customer's request. We also provide optional consultancy services to our customers on which methods should be sifted and classified according to the dust size of the sieves produced.<\/p>\n<p>&nbsp;<\/p>\n<p>Our company, which also provides consultancy services to its customers on the standardized use of powders, also provides optional inspection-testing and qualification services for the final product obtained from powders. Especially in powder metallurgical production, the development of the process, the inspection of brazing-welding connections, the powders to be used in additive manufacturing and coating technologies and the inspection of the final products after the manufacturing processes are carried out in accordance with ISO standards.<\/p>\n<p>&nbsp;<\/p>\n<p>The standards observed in the products and services produced or supplied by our company are as follows:<\/p>\n<ul>\n<li>TS EN ISO 3310<\/li>\n<li>ISO 2591<\/li>\n<li>ISO 4497<\/li>\n<li>ISO 2194<\/li>\n<li>ASTM E11-22<\/li>\n<li>ASTM E161-17<\/li>\n<li>ASTM E323-11<\/li>\n<li>TS EN ISO 17672<\/li>\n<li>ISO 18496<\/li>\n<li>ISO 3677<\/li>\n<li>TS EN 61190<\/li>\n<li>ISO 3252<\/li>\n<li>TS EN 12799<\/li>\n<li>TS EN 3933-3937-3936<\/li>\n<\/ul><div><font face=\"-apple-system, BlinkMacSystemFont, Segoe UI, Roboto, Oxygen-Sans, Ubuntu, Cantarell, Helvetica Neue, sans-serif\"><br><\/font><\/div>\n<p>In addition, our company, which adopts the net zero carbon footprint policy applied in Europe and the world, produces some of the products from recycled materials in order to reduce carbon emissions, and manufactures in line with minimum energy consumption.<\/p>\t\t\t\t\t\t<\/div>\n\t\t\t\t<\/div>\n\t\t\t\t\t<\/div>\n\t\t<\/div>\n\t\t\t\t<div class=\"elementor-column elementor-col-50 elementor-top-column elementor-element elementor-element-c85e886\" data-id=\"c85e886\" data-element_type=\"column\">\n\t\t\t<div class=\"elementor-widget-wrap elementor-element-populated\">\n\t\t\t\t\t\t<div class=\"elementor-element elementor-element-f363ba5 elementor-widget elementor-widget-image\" data-id=\"f363ba5\" data-element_type=\"widget\" data-widget_type=\"image.default\">\n\t\t\t\t<div class=\"elementor-widget-container\">\n\t\t\t\t\t\t\t\t\t\t\t\t\t<img fetchpriority=\"high\" decoding=\"async\" width=\"750\" height=\"550\" src=\"https:\/\/gtmpowder.com\/wp-content\/uploads\/2023\/02\/untitled.38-1024x751.jpg\" class=\"attachment-large size-large wp-image-797\" alt=\"\" srcset=\"https:\/\/gtmpowder.com\/wp-content\/uploads\/2023\/02\/untitled.38-1024x751.jpg 1024w, https:\/\/gtmpowder.com\/wp-content\/uploads\/2023\/02\/untitled.38-300x220.jpg 300w, https:\/\/gtmpowder.com\/wp-content\/uploads\/2023\/02\/untitled.38-768x563.jpg 768w, https:\/\/gtmpowder.com\/wp-content\/uploads\/2023\/02\/untitled.38-1536x1126.jpg 1536w, https:\/\/gtmpowder.com\/wp-content\/uploads\/2023\/02\/untitled.38-16x12.jpg 16w, https:\/\/gtmpowder.com\/wp-content\/uploads\/2023\/02\/untitled.38-1568x1150.jpg 1568w, https:\/\/gtmpowder.com\/wp-content\/uploads\/2023\/02\/untitled.38-600x440.jpg 600w, https:\/\/gtmpowder.com\/wp-content\/uploads\/2023\/02\/untitled.38.jpg 1665w\" sizes=\"(max-width: 750px) 100vw, 750px\" style=\"width:100%;height:73.33%;max-width:1665px\" \/>\t\t\t\t\t\t\t\t\t\t\t\t\t<\/div>\n\t\t\t\t<\/div>\n\t\t\t\t\t<\/div>\n\t\t<\/div>\n\t\t\t\t\t<\/div>\n\t\t<\/section>\n\t\t\t\t<\/div>","protected":false},"excerpt":{"rendered":"<p>GTM Powder olarak, toz metal\u00fcrjisi, lehim-kaynak ve a\u015f\u0131nd\u0131r\u0131c\u0131 imal sekt\u00f6rlerinde kullan\u0131lan toz formlu malzemelerin yerli \u00fcretimini ve tedari\u011fini ger\u00e7ekle\u015ftirmekteyiz. Ayr\u0131ca, toz malzemelerin kullan\u0131m\u0131, klasifikasyonu ve toz malzemelerden elde edilen \u00fcr\u00fcnler ile ilgili muayene ve dan\u0131\u015fmanl\u0131k hizmetlerini vermekteyiz. \u00dcr\u00fcnlerimiz ve vermi\u015f oldu\u011fumuz hizmetler havac\u0131l\u0131k, otomotiv, madencilik, medikal, boya, ila\u00e7 ve kimya sekt\u00f6rlerine y\u00f6nelik ISO ve ASTM&hellip; <a class=\"more-link\" href=\"https:\/\/gtmpowder.com\/en\/hakkimizda\/\" data-no-translation=\"\" data-trp-gettext=\"\">Continue reading <span class=\"screen-reader-text\">Hakk\u0131m\u0131zda<\/span><\/a><\/p>","protected":false},"author":1,"featured_media":0,"parent":0,"menu_order":0,"comment_status":"closed","ping_status":"closed","template":"elementor_header_footer","meta":{"footnotes":""},"class_list":["post-11","page","type-page","status-publish","hentry","entry"],"_links":{"self":[{"href":"https:\/\/gtmpowder.com\/en\/wp-json\/wp\/v2\/pages\/11","targetHints":{"allow":["GET"]}}],"collection":[{"href":"https:\/\/gtmpowder.com\/en\/wp-json\/wp\/v2\/pages"}],"about":[{"href":"https:\/\/gtmpowder.com\/en\/wp-json\/wp\/v2\/types\/page"}],"author":[{"embeddable":true,"href":"https:\/\/gtmpowder.com\/en\/wp-json\/wp\/v2\/users\/1"}],"replies":[{"embeddable":true,"href":"https:\/\/gtmpowder.com\/en\/wp-json\/wp\/v2\/comments?post=11"}],"version-history":[{"count":6,"href":"https:\/\/gtmpowder.com\/en\/wp-json\/wp\/v2\/pages\/11\/revisions"}],"predecessor-version":[{"id":1107,"href":"https:\/\/gtmpowder.com\/en\/wp-json\/wp\/v2\/pages\/11\/revisions\/1107"}],"wp:attachment":[{"href":"https:\/\/gtmpowder.com\/en\/wp-json\/wp\/v2\/media?parent=11"}],"curies":[{"name":"wp","href":"https:\/\/api.w.org\/{rel}","templated":true}]}}