{"id":319,"date":"2023-01-25T11:59:37","date_gmt":"2023-01-25T11:59:37","guid":{"rendered":"https:\/\/gtmpowder.com\/sepet\/"},"modified":"2023-01-27T11:17:43","modified_gmt":"2023-01-27T11:17:43","slug":"sepet","status":"publish","type":"page","link":"https:\/\/gtmpowder.com\/en\/sepet\/","title":{"rendered":"Sepet"},"content":{"rendered":"<div data-elementor-type=\"wp-page\" data-elementor-id=\"319\" class=\"elementor elementor-319\">\n\t\t\t\t\t\t<section data-particle_enable=\"false\" data-particle-mobile-disabled=\"false\" class=\"elementor-section elementor-top-section elementor-element elementor-element-4c6d487b elementor-section-boxed elementor-section-height-default elementor-section-height-default\" data-id=\"4c6d487b\" data-element_type=\"section\">\n\t\t\t\t\t\t<div class=\"elementor-container elementor-column-gap-default\">\n\t\t\t\t\t<div class=\"elementor-column elementor-col-100 elementor-top-column elementor-element elementor-element-786a9265\" data-id=\"786a9265\" data-element_type=\"column\">\n\t\t\t<div class=\"elementor-widget-wrap elementor-element-populated\">\n\t\t\t\t\t\t<div class=\"elementor-element elementor-element-af4cef1 e-cart-layout-one-column elementor-widget elementor-widget-woocommerce-cart\" data-id=\"af4cef1\" data-element_type=\"widget\" data-settings=\"{&quot;update_cart_automatically&quot;:&quot;yes&quot;}\" data-widget_type=\"woocommerce-cart.default\">\n\t\t\t\t<div class=\"elementor-widget-container\">\n\t\t\t<div class=\"woocommerce\">\t<p class=\"return-to-shop\">\n\t\t<a class=\"button wc-backward wp-element-button\" href=\"https:\/\/gtmpowder.com\/en\/magaza\/\">\n\t\t\tReturn to shop\t\t<\/a>\n\t<\/p>\n<\/div>\t\t<\/div>\n\t\t\t\t<\/div>\n\t\t\t\t\t<\/div>\n\t\t<\/div>\n\t\t\t\t\t<\/div>\n\t\t<\/section>\n\t\t\t\t<\/div>","protected":false},"excerpt":{"rendered":"<p>\u00dcr\u00fcn\u00fc \u00e7\u0131kar K\u00fc\u00e7\u00fck resim \u00dcr\u00fcn Fiyat Miktar Ara Toplam &times; Cam Tozu Gran\u00fcl (3-5mm) Gramaj: 100gr 59,00&nbsp;&#8378; Cam Tozu Gran\u00fcl (3-5mm) &#8211; 100gr adet 59,00&nbsp;&#8378; Sepetiniz Bo\u015f Uygula Sepet Toplam\u0131 Ara Toplam 59,00&nbsp;&#8378; G\u00f6nderim Sabit fiyat: 24,90&nbsp;&#8378; G\u00f6nderim hedefi: Mimar Sinan Mah. \u00dcsk\u00fcdar Cad. Yedpa Tic. Merk. G Cad. No:90, Ata\u015fehir \u0130stanbul. Toplam 83,90&nbsp;&#8378; (9,00&nbsp;&#8378;&hellip; <a class=\"more-link\" href=\"https:\/\/gtmpowder.com\/en\/sepet\/\" data-no-translation=\"\" data-trp-gettext=\"\">Continue reading <span class=\"screen-reader-text\">Sepet<\/span><\/a><\/p>","protected":false},"author":1,"featured_media":0,"parent":0,"menu_order":0,"comment_status":"closed","ping_status":"closed","template":"","meta":{"footnotes":""},"class_list":["post-319","page","type-page","status-publish","hentry","entry"],"_links":{"self":[{"href":"https:\/\/gtmpowder.com\/en\/wp-json\/wp\/v2\/pages\/319","targetHints":{"allow":["GET"]}}],"collection":[{"href":"https:\/\/gtmpowder.com\/en\/wp-json\/wp\/v2\/pages"}],"about":[{"href":"https:\/\/gtmpowder.com\/en\/wp-json\/wp\/v2\/types\/page"}],"author":[{"embeddable":true,"href":"https:\/\/gtmpowder.com\/en\/wp-json\/wp\/v2\/users\/1"}],"replies":[{"embeddable":true,"href":"https:\/\/gtmpowder.com\/en\/wp-json\/wp\/v2\/comments?post=319"}],"version-history":[{"count":0,"href":"https:\/\/gtmpowder.com\/en\/wp-json\/wp\/v2\/pages\/319\/revisions"}],"wp:attachment":[{"href":"https:\/\/gtmpowder.com\/en\/wp-json\/wp\/v2\/media?parent=319"}],"curies":[{"name":"wp","href":"https:\/\/api.w.org\/{rel}","templated":true}]}}