{"id":358,"date":"2023-01-27T06:28:12","date_gmt":"2023-01-27T06:28:12","guid":{"rendered":"https:\/\/gtmpowder.com\/?post_type=product&#038;p=358"},"modified":"2026-03-23T08:30:28","modified_gmt":"2026-03-23T08:30:28","slug":"bakir-oksit","status":"publish","type":"product","link":"https:\/\/gtmpowder.com\/en\/product\/bakir-oksit\/","title":{"rendered":"Copper Oxide"},"content":{"rendered":"<p><strong>Properties:<\/strong><\/p>\n<p><strong>\u00a0<\/strong><\/p>\n<p>Bak\u0131r II Oksit olarak da bilinmektedir.<\/p>\n<p>CAS numaras\u0131:1317-38-0<\/p>\n<p>Molek\u00fcler form\u00fcl\u00fc: CuO<\/p>\n<p>Ergime noktas\u0131: 1326\u00b0C \/ 2419\u00b0F<\/p>\n<p>Kaynama noktas\u0131: 2000\u00b0C \/ 3632\u00b0F<\/p>\n<p>Yo\u011funluk: 6.32 g\/cm<sup>3<\/sup><\/p>\n<p>Safl\u0131k: %99<\/p>\n<p>&nbsp;<\/p>\n<p><strong>Applications <\/strong><\/p>\n<p>&nbsp;<\/p>\n<p>Mobilyalarda koruyucu katk\u0131 ya da kaplama materyali olarak,<\/p>\n<p>Bak\u0131r kayna\u011f\u0131nda dekapan malzemesi olarak,<\/p>\n<p>Lityum esasl\u0131 pil ve batarya \u00fcretiminde,<\/p>\n<p>Piroteknik ve havai fi\u015fek \u00fcretiminde renk verici olarak,<\/p>\n<p>Seramik yap\u0131m\u0131nda pigment ve renk verici malzeme olarak, (ye\u015fil ve mavi\/ye\u015fil tonlar\u0131, turkuaz rengi)<\/p>\n<p>Yem end\u00fcstrisinde,<\/p>\n<p>Kaplama uygulamalar\u0131nda,<\/p>\n<p>Saf bak\u0131r \u00fcretiminde kullan\u0131lmaktad\u0131r.<\/p>\n<p>&nbsp;<\/p>\n<p><strong>Hazards:<\/strong><\/p>\n<p>&nbsp;<\/p>\n<p>Yan\u0131c\u0131, alev al\u0131c\u0131 ya da parlay\u0131c\u0131 de\u011fildir.<\/p>\n<p>It should never be directly inhaled, swallowed, or rubbed into the eyes.<\/p>\n<p>Protective mask and gloves should be used during use.<\/p>\n<p>Protective mask and gloves should be used during use.\nIt should be stored in a moisture-free environment.<\/p>","protected":false},"excerpt":{"rendered":"<p>Teknik \u00d6zellikler: \u00a0 Bak\u0131r II Oksit olarak da bilinmektedir. CAS numaras\u0131:1317-38-0 Molek\u00fcler form\u00fcl\u00fc: CuO Ergime noktas\u0131: 1326\u00b0C \/ 2419\u00b0F Kaynama noktas\u0131: 2000\u00b0C \/ 3632\u00b0F Yo\u011funluk: 6.32 g\/cm3 Safl\u0131k: %99 &nbsp; Kullan\u0131m Alanlar\u0131: &nbsp; Mobilyalarda koruyucu katk\u0131 ya da kaplama materyali olarak, Bak\u0131r kayna\u011f\u0131nda dekapan malzemesi olarak, Lityum esasl\u0131 pil ve batarya \u00fcretiminde, Piroteknik ve havai&hellip; <a class=\"more-link\" href=\"https:\/\/gtmpowder.com\/en\/product\/bakir-oksit\/\" data-no-translation=\"\" data-trp-gettext=\"\">Continue reading <span class=\"screen-reader-text\">Bak\u0131r Oksit<\/span><\/a><\/p>","protected":false},"featured_media":833,"comment_status":"open","ping_status":"closed","template":"","meta":[],"product_cat":[24],"product_tag":[],"class_list":["post-358","product","type-product","status-publish","has-post-thumbnail","hentry","product_cat-metal-oksit-tozlari","tm-no-options","entry"],"_links":{"self":[{"href":"https:\/\/gtmpowder.com\/en\/wp-json\/wp\/v2\/product\/358","targetHints":{"allow":["GET"]}}],"collection":[{"href":"https:\/\/gtmpowder.com\/en\/wp-json\/wp\/v2\/product"}],"about":[{"href":"https:\/\/gtmpowder.com\/en\/wp-json\/wp\/v2\/types\/product"}],"replies":[{"embeddable":true,"href":"https:\/\/gtmpowder.com\/en\/wp-json\/wp\/v2\/comments?post=358"}],"wp:featuredmedia":[{"embeddable":true,"href":"https:\/\/gtmpowder.com\/en\/wp-json\/wp\/v2\/media\/833"}],"wp:attachment":[{"href":"https:\/\/gtmpowder.com\/en\/wp-json\/wp\/v2\/media?parent=358"}],"wp:term":[{"taxonomy":"product_cat","embeddable":true,"href":"https:\/\/gtmpowder.com\/en\/wp-json\/wp\/v2\/product_cat?post=358"},{"taxonomy":"product_tag","embeddable":true,"href":"https:\/\/gtmpowder.com\/en\/wp-json\/wp\/v2\/product_tag?post=358"}],"curies":[{"name":"wp","href":"https:\/\/api.w.org\/{rel}","templated":true}]}}