{"id":375,"date":"2023-01-27T07:53:15","date_gmt":"2023-01-27T07:53:15","guid":{"rendered":"https:\/\/gtmpowder.com\/?post_type=product&#038;p=375"},"modified":"2026-03-23T08:30:28","modified_gmt":"2026-03-23T08:30:28","slug":"krom-oksit","status":"publish","type":"product","link":"https:\/\/gtmpowder.com\/en\/product\/krom-oksit\/","title":{"rendered":"Chromium Oxide"},"content":{"rendered":"<p><strong>Properties:<\/strong><\/p>\n<p><strong>\u00a0<\/strong><\/p>\n<p>Krom III oksit olarak da bilinmektedir.<\/p>\n<p>CAS numaras\u0131: 1308-38-9<\/p>\n<p>Molek\u00fcler form\u00fcl\u00fc: Cr<sub>2<\/sub>O<sub>3<\/sub><\/p>\n<p>Ergime noktas\u0131: 2435\u00b0C \/ 4415\u00b0F<\/p>\n<p>Kaynama noktas\u0131: 4000\u00b0C \/ 7232\u00b0F<\/p>\n<p>Yo\u011funluk: 5.22 g\/cm<sup>3<\/sup><\/p>\n<p>Safl\u0131k:%99.2<\/p>\n<p>Renk: Ye\u015fil<\/p>\n<p>&nbsp;<\/p>\n<p><strong>Applications <\/strong><\/p>\n<p>&nbsp;<\/p>\n<p>Krom oksit ye\u015fil oldu\u011fu i\u00e7in boya pigmenti olarak gemicilik\/yat sekt\u00f6r\u00fcnde,<\/p>\n<p>Seramik s\u0131rlar\u0131nda,<\/p>\n<p>Tonerlerde renklendirici olarak,<\/p>\n<p>Krom karb\u00fcr ya da saf krom \u00fcretiminde,<\/p>\n<p>Refrakter tu\u011fla \u00fcretiminde,<\/p>\n<p>\u0130nce polisaj\/finisaj i\u015flemlerinde ya da cila pastalar\u0131nda,<\/p>\n<p>Ki\u015fisel bak\u0131m \u00fcr\u00fcnlerinde (t\u0131rnak, eyeliner) renklendirici olarak,<\/p>\n<p>Asit ve alkali ortam korumas\u0131 olarak,<\/p>\n<p>\u00d6zellikle s\u0131cak korozif ortamlarda koruyucu olarak,<\/p>\n<p>Yap\u0131\u015ft\u0131r\u0131c\u0131larda s\u0131zd\u0131rmazl\u0131k sa\u011flay\u0131c\u0131 olarak,<\/p>\n<p>Termal spreyleme i\u015flemlerinde kullan\u0131lmaktad\u0131r.<\/p>\n<p>&nbsp;<\/p>\n<p><strong>Hazards:<\/strong><\/p>\n<p>&nbsp;<\/p>\n<p>Yan\u0131c\u0131, alev al\u0131c\u0131 ya da parlay\u0131c\u0131 de\u011fildir.<\/p>\n<p>It should never be directly inhaled, swallowed, or rubbed into the eyes.<\/p>\n<p>Protective mask and gloves should be used during use.<\/p>\n<p>Protective mask and gloves should be used during use.\nIt should be stored in a moisture-free environment.<\/p>","protected":false},"excerpt":{"rendered":"<p>Teknik \u00d6zellikler: \u00a0 Krom III oksit olarak da bilinmektedir. CAS numaras\u0131: 1308-38-9 Molek\u00fcler form\u00fcl\u00fc: Cr2O3 Ergime noktas\u0131: 2435\u00b0C \/ 4415\u00b0F Kaynama noktas\u0131: 4000\u00b0C \/ 7232\u00b0F Yo\u011funluk: 5.22 g\/cm3 Safl\u0131k:%99.2 Renk: Ye\u015fil &nbsp; Kullan\u0131m Alanlar\u0131: &nbsp; Krom oksit ye\u015fil oldu\u011fu i\u00e7in boya pigmenti olarak gemicilik\/yat sekt\u00f6r\u00fcnde, Seramik s\u0131rlar\u0131nda, Tonerlerde renklendirici olarak, Krom karb\u00fcr ya da saf&hellip; <a class=\"more-link\" href=\"https:\/\/gtmpowder.com\/en\/product\/krom-oksit\/\" data-no-translation=\"\" data-trp-gettext=\"\">Continue reading <span class=\"screen-reader-text\">Krom Oksit<\/span><\/a><\/p>","protected":false},"featured_media":832,"comment_status":"open","ping_status":"closed","template":"","meta":[],"product_cat":[24],"product_tag":[],"class_list":["post-375","product","type-product","status-publish","has-post-thumbnail","hentry","product_cat-metal-oksit-tozlari","tm-no-options","entry"],"_links":{"self":[{"href":"https:\/\/gtmpowder.com\/en\/wp-json\/wp\/v2\/product\/375","targetHints":{"allow":["GET"]}}],"collection":[{"href":"https:\/\/gtmpowder.com\/en\/wp-json\/wp\/v2\/product"}],"about":[{"href":"https:\/\/gtmpowder.com\/en\/wp-json\/wp\/v2\/types\/product"}],"replies":[{"embeddable":true,"href":"https:\/\/gtmpowder.com\/en\/wp-json\/wp\/v2\/comments?post=375"}],"wp:featuredmedia":[{"embeddable":true,"href":"https:\/\/gtmpowder.com\/en\/wp-json\/wp\/v2\/media\/832"}],"wp:attachment":[{"href":"https:\/\/gtmpowder.com\/en\/wp-json\/wp\/v2\/media?parent=375"}],"wp:term":[{"taxonomy":"product_cat","embeddable":true,"href":"https:\/\/gtmpowder.com\/en\/wp-json\/wp\/v2\/product_cat?post=375"},{"taxonomy":"product_tag","embeddable":true,"href":"https:\/\/gtmpowder.com\/en\/wp-json\/wp\/v2\/product_tag?post=375"}],"curies":[{"name":"wp","href":"https:\/\/api.w.org\/{rel}","templated":true}]}}