{"id":383,"date":"2023-01-27T07:53:16","date_gmt":"2023-01-27T07:53:16","guid":{"rendered":"https:\/\/gtmpowder.com\/?post_type=product&#038;p=383"},"modified":"2026-03-23T08:30:28","modified_gmt":"2026-03-23T08:30:28","slug":"mangan-dioksit","status":"publish","type":"product","link":"https:\/\/gtmpowder.com\/en\/product\/mangan-dioksit\/","title":{"rendered":"Manganese Dioxide"},"content":{"rendered":"<p><strong>Properties:<\/strong><\/p>\n<p><strong>\u00a0<\/strong><\/p>\n<p>Mangan II Oksit olarak da bilinmektedir.<\/p>\n<p>CAS numaras\u0131:1313-13-9<\/p>\n<p>Molek\u00fcler form\u00fcl\u00fc: MnO<sub>2<\/sub><\/p>\n<p>Ergime noktas\u0131: 535\u00b0C \/ 995\u00b0F<\/p>\n<p>Yo\u011funluk: 5.0 g\/cm<sup>3<\/sup><\/p>\n<p>Safl\u0131k: %89<\/p>\n<p>&nbsp;<\/p>\n<p><strong>Applications <\/strong><\/p>\n<p>&nbsp;<\/p>\n<p>Seramik \u00fcretiminde siyah\/kahverengi renk ve eskitilmi\u015f g\u00f6r\u00fcn\u00fcm vermek i\u00e7in,<\/p>\n<p>Alkali ya da \u00e7inko karbon pil \u00fcretiminde,<\/p>\n<p>Yem sanayinde,<\/p>\n<p>\u0130la\u00e7 ve kimyevi maddelerin ar\u0131t\u0131lmas\u0131nda, kimyasal indirgeme faaliyetlerinde, (\u00f6zellikle alkollerde)<\/p>\n<p>Antibakteriyel losyon, cilt bak\u0131m setleri \u00fcretiminde,<\/p>\n<p>Sa\u00e7 \u015fekillendirici j\u00f6lelerde kat\u0131la\u015ft\u0131r\u0131c\u0131 olarak,<\/p>\n<p>Eyeliner ve t\u0131rnak bak\u0131m \u00fcr\u00fcnlerinde,<\/p>\n<p>Parf\u00fcm imalat\u0131nda,<\/p>\n<p>Kaplama sanayinde ve tekstil boyalar\u0131nda,<\/p>\n<p>\u00c7elik ve cam \u00fcretiminde kullan\u0131lmaktad\u0131r.<\/p>\n<p>&nbsp;<\/p>\n<p><strong>Hazards:<\/strong><\/p>\n<p>&nbsp;<\/p>\n<p>Yan\u0131c\u0131, alev al\u0131c\u0131 ya da parlay\u0131c\u0131 de\u011fildir.<\/p>\n<p>It should never be directly inhaled, swallowed, or rubbed into the eyes.<\/p>\n<p>Protective mask and gloves should be used during use.<\/p>\n<p>Protective mask and gloves should be used during use.\nIt should be stored in a moisture-free environment.<\/p>","protected":false},"excerpt":{"rendered":"<p>Teknik \u00d6zellikler: \u00a0 Mangan II Oksit olarak da bilinmektedir. CAS numaras\u0131:1313-13-9 Molek\u00fcler form\u00fcl\u00fc: MnO2 Ergime noktas\u0131: 535\u00b0C \/ 995\u00b0F Yo\u011funluk: 5.0 g\/cm3 Safl\u0131k: %89 &nbsp; Kullan\u0131m Alanlar\u0131: &nbsp; Seramik \u00fcretiminde siyah\/kahverengi renk ve eskitilmi\u015f g\u00f6r\u00fcn\u00fcm vermek i\u00e7in, Alkali ya da \u00e7inko karbon pil \u00fcretiminde, Yem sanayinde, \u0130la\u00e7 ve kimyevi maddelerin ar\u0131t\u0131lmas\u0131nda, kimyasal indirgeme faaliyetlerinde, (\u00f6zellikle&hellip; <a class=\"more-link\" href=\"https:\/\/gtmpowder.com\/en\/product\/mangan-dioksit\/\" data-no-translation=\"\" data-trp-gettext=\"\">Continue reading <span class=\"screen-reader-text\">Mangan Dioksit<\/span><\/a><\/p>","protected":false},"featured_media":831,"comment_status":"open","ping_status":"closed","template":"","meta":[],"product_cat":[24],"product_tag":[],"class_list":["post-383","product","type-product","status-publish","has-post-thumbnail","hentry","product_cat-metal-oksit-tozlari","tm-no-options","entry"],"_links":{"self":[{"href":"https:\/\/gtmpowder.com\/en\/wp-json\/wp\/v2\/product\/383","targetHints":{"allow":["GET"]}}],"collection":[{"href":"https:\/\/gtmpowder.com\/en\/wp-json\/wp\/v2\/product"}],"about":[{"href":"https:\/\/gtmpowder.com\/en\/wp-json\/wp\/v2\/types\/product"}],"replies":[{"embeddable":true,"href":"https:\/\/gtmpowder.com\/en\/wp-json\/wp\/v2\/comments?post=383"}],"wp:featuredmedia":[{"embeddable":true,"href":"https:\/\/gtmpowder.com\/en\/wp-json\/wp\/v2\/media\/831"}],"wp:attachment":[{"href":"https:\/\/gtmpowder.com\/en\/wp-json\/wp\/v2\/media?parent=383"}],"wp:term":[{"taxonomy":"product_cat","embeddable":true,"href":"https:\/\/gtmpowder.com\/en\/wp-json\/wp\/v2\/product_cat?post=383"},{"taxonomy":"product_tag","embeddable":true,"href":"https:\/\/gtmpowder.com\/en\/wp-json\/wp\/v2\/product_tag?post=383"}],"curies":[{"name":"wp","href":"https:\/\/api.w.org\/{rel}","templated":true}]}}