{"id":397,"date":"2023-01-27T07:53:21","date_gmt":"2023-01-27T07:53:21","guid":{"rendered":"https:\/\/gtmpowder.com\/?post_type=product&#038;p=397"},"modified":"2026-03-23T08:30:27","modified_gmt":"2026-03-23T08:30:27","slug":"aluminyum-oksit","status":"publish","type":"product","link":"https:\/\/gtmpowder.com\/en\/product\/aluminyum-oksit\/","title":{"rendered":"Alumina"},"content":{"rendered":"<p><strong>Properties:<\/strong><\/p>\n<p>&nbsp;<\/p>\n<p>CAS numaras\u0131:1344-28-1<\/p>\n<p>Molek\u00fcler form\u00fcl\u00fc: Al<sub>2<\/sub>O<sub>3<\/sub><\/p>\n<p>Ergime noktas\u0131: 2072\u00b0C \/ 3761\u00b0F<\/p>\n<p>Kaynama noktas\u0131: 2977\u00b0C \/ 5390\u00b0F<\/p>\n<p>Yo\u011funluk: 3.987 g\/cm<sup>3<\/sup><\/p>\n<p>Safl\u0131k: % 99.7<\/p>\n<p>&nbsp;<\/p>\n<p><strong>Applications <\/strong><\/p>\n<p>&nbsp;<\/p>\n<p>Elektrik izolasyon sanayinde,<\/p>\n<p>A\u015f\u0131nd\u0131r\u0131c\u0131 ta\u015f ve kesici u\u00e7 \u00fcretiminde a\u015f\u0131nd\u0131r\u0131c\u0131 olarak,<\/p>\n<p>Bisiklet, motosiklet ve arabalarda k\u00fcflenme \u00f6nleyici kaplama olarak,<\/p>\n<p>Oksidasyon\/korozyon istenmeyen kaplamalarda,<\/p>\n<p>Alev geciktirici tekstil malzemelerinde,<\/p>\n<p>Z\u0131rh yap\u0131m\u0131nda,<\/p>\n<p>Al\u00fcminyum metali \u00fcretiminde,<\/p>\n<p>Darbe\/termal dayan\u0131kl\u0131 cam\/laboratuvar gere\u00e7leri imalat\u0131nda,<\/p>\n<p>Saat ve optik aletlerin cila ve ince tala\u015f\u0131n\u0131n al\u0131nmas\u0131nda,<\/p>\n<p>Kozmetikte t\u0131rnak boyalar\u0131nda,<\/p>\n<p>Metalik ve plastik boyalarda parlakl\u0131k verici malzeme olarak,<\/p>\n<p>Kompozit malzemelerde fiber \u00fcretiminde,<\/p>\n<p>Ka\u011f\u0131t \u00fcretiminde,<\/p>\n<p>Refrakter tu\u011fla\/ate\u015f tu\u011flas\u0131 yap\u0131m\u0131nda,<\/p>\n<p>\u00d6\u011f\u00fctme bilyalar\u0131n\u0131n yap\u0131m\u0131nda,<\/p>\n<p>Y\u00fcksek mukavemetli \u00e7imento yap\u0131m\u0131nda kullan\u0131lmaktad\u0131r.<\/p>\n<p>&nbsp;<\/p>\n<p><strong>Hazards:<\/strong><\/p>\n<p>&nbsp;<\/p>\n<p>Yan\u0131c\u0131, alev al\u0131c\u0131 ya da parlay\u0131c\u0131 de\u011fildir.<\/p>\n<p>It should never be directly inhaled, swallowed, or rubbed into the eyes.<\/p>\n<p>Protective mask and gloves should be used during use.<\/p>\n<p>Protective mask and gloves should be used during use.\nIt should be stored in a moisture-free environment.<\/p>","protected":false},"excerpt":{"rendered":"<p>Teknik \u00d6zellikler: &nbsp; CAS numaras\u0131:1344-28-1 Molek\u00fcler form\u00fcl\u00fc: Al2O3 Ergime noktas\u0131: 2072\u00b0C \/ 3761\u00b0F Kaynama noktas\u0131: 2977\u00b0C \/ 5390\u00b0F Yo\u011funluk: 3.987 g\/cm3 Safl\u0131k: % 99.7 &nbsp; Kullan\u0131m Alanlar\u0131: &nbsp; Elektrik izolasyon sanayinde, A\u015f\u0131nd\u0131r\u0131c\u0131 ta\u015f ve kesici u\u00e7 \u00fcretiminde a\u015f\u0131nd\u0131r\u0131c\u0131 olarak, Bisiklet, motosiklet ve arabalarda k\u00fcflenme \u00f6nleyici kaplama olarak, Oksidasyon\/korozyon istenmeyen kaplamalarda, Alev geciktirici tekstil malzemelerinde, Z\u0131rh&hellip; <a class=\"more-link\" href=\"https:\/\/gtmpowder.com\/en\/product\/aluminyum-oksit\/\" data-no-translation=\"\" data-trp-gettext=\"\">Continue reading <span class=\"screen-reader-text\">Al\u00fcminyum Oksit<\/span><\/a><\/p>","protected":false},"featured_media":829,"comment_status":"open","ping_status":"closed","template":"","meta":[],"product_cat":[24],"product_tag":[],"class_list":["post-397","product","type-product","status-publish","has-post-thumbnail","hentry","product_cat-metal-oksit-tozlari","tm-no-options","entry"],"_links":{"self":[{"href":"https:\/\/gtmpowder.com\/en\/wp-json\/wp\/v2\/product\/397","targetHints":{"allow":["GET"]}}],"collection":[{"href":"https:\/\/gtmpowder.com\/en\/wp-json\/wp\/v2\/product"}],"about":[{"href":"https:\/\/gtmpowder.com\/en\/wp-json\/wp\/v2\/types\/product"}],"replies":[{"embeddable":true,"href":"https:\/\/gtmpowder.com\/en\/wp-json\/wp\/v2\/comments?post=397"}],"wp:featuredmedia":[{"embeddable":true,"href":"https:\/\/gtmpowder.com\/en\/wp-json\/wp\/v2\/media\/829"}],"wp:attachment":[{"href":"https:\/\/gtmpowder.com\/en\/wp-json\/wp\/v2\/media?parent=397"}],"wp:term":[{"taxonomy":"product_cat","embeddable":true,"href":"https:\/\/gtmpowder.com\/en\/wp-json\/wp\/v2\/product_cat?post=397"},{"taxonomy":"product_tag","embeddable":true,"href":"https:\/\/gtmpowder.com\/en\/wp-json\/wp\/v2\/product_tag?post=397"}],"curies":[{"name":"wp","href":"https:\/\/api.w.org\/{rel}","templated":true}]}}