{"id":404,"date":"2023-01-27T07:53:22","date_gmt":"2023-01-27T07:53:22","guid":{"rendered":"https:\/\/gtmpowder.com\/?post_type=product&#038;p=404"},"modified":"2026-03-23T08:30:28","modified_gmt":"2026-03-23T08:30:28","slug":"titanyum-dioksit-anatas","status":"publish","type":"product","link":"https:\/\/gtmpowder.com\/en\/product\/titanyum-dioksit-anatas\/","title":{"rendered":"Titanium Dioxide (Anatase)"},"content":{"rendered":"<p><strong>Properties:<\/strong><\/p>\n<p>&nbsp;<\/p>\n<p>CAS numaras\u0131:13463-67-7<\/p>\n<p>Molek\u00fcler form\u00fcl\u00fc: TiO<sub>2<\/sub><\/p>\n<p>Ergime noktas\u0131: 1843\u00b0C \/ 3350\u00b0F<\/p>\n<p>Kaynama noktas\u0131: 2972\u00b0C \/ 5382\u00b0F<\/p>\n<p>Yo\u011funluk: 3.78 g\/cm<sup>3<\/sup><\/p>\n<p>Safl\u0131k: %99<\/p>\n<p><strong>\u00a0<\/strong><\/p>\n<p><strong>Applications <\/strong><\/p>\n<p>&nbsp;<\/p>\n<p>\u00dcretilen titanyum dioksit malzemesinin %98\u2019lik k\u0131sm\u0131 pigment imalinde,<\/p>\n<p>%80\u2019lik k\u0131sm\u0131 boyada, %8\u2019lik k\u0131sm\u0131 ka\u011f\u0131t ve polimer end\u00fcstrisinde kullan\u0131lmaktad\u0131r.<\/p>\n<p>&nbsp;<\/p>\n<p>Pigment olarak boyalarda,<\/p>\n<p>Kozmetikte parlakl\u0131k artt\u0131r\u0131c\u0131,<\/p>\n<p>G\u00fcne\u015f kremlerinde UV koruyucu olarak,<\/p>\n<p>Polimerlerde ve yap\u0131\u015ft\u0131r\u0131c\u0131larda gevreklik giderici olarak,<\/p>\n<p>G\u0131dalarda topaklanma \u00f6nleyici olarak,<\/p>\n<p>Di\u015f macunlar\u0131nda ve \u00e7e\u015fitli ka\u011f\u0131tlarda parlakl\u0131k artt\u0131r\u0131c\u0131 olarak,<\/p>\n<p>Rutil versiyonu kaynak elektrotlar\u0131nda \u00f6rt\u00fc olarak,<\/p>\n<p>Ate\u015f tu\u011flas\u0131 yap\u0131m\u0131nda,<\/p>\n<p>Kendini temizleyen boya ve kuma\u015flarda,<\/p>\n<p>Nano \u00f6l\u00e7ekte titanyum dioksit otomotiv end\u00fcstrisinde emisyonlar\u0131 azalt\u0131c\u0131 olarak,<\/p>\n<p>Hidrojen ile oksijeni ay\u0131rarak yak\u0131t pili \u00fcretiminde,<\/p>\n<p>S\u00fcper hidrofili \u00f6zelli\u011finden ince film olarak bu\u011fu tutmayan cam ve g\u00f6zl\u00fcklerde,<\/p>\n<p>Ayr\u0131ca titanyum \u00fcretiminde de kullan\u0131lmaktad\u0131r.<\/p>\n<p>&nbsp;<\/p>\n<p><strong>Hazards:<\/strong><\/p>\n<p><strong>\u00a0<\/strong><\/p>\n<p>G\u0131dada kullan\u0131m i\u00e7in uygun de\u011fildir.<\/p>","protected":false},"excerpt":{"rendered":"<p>Teknik \u00d6zellikler: &nbsp; CAS numaras\u0131:13463-67-7 Molek\u00fcler form\u00fcl\u00fc: TiO2 Ergime noktas\u0131: 1843\u00b0C \/ 3350\u00b0F Kaynama noktas\u0131: 2972\u00b0C \/ 5382\u00b0F Yo\u011funluk: 3.78 g\/cm3 Safl\u0131k: %99 \u00a0 Kullan\u0131m Alanlar\u0131: &nbsp; \u00dcretilen titanyum dioksit malzemesinin %98\u2019lik k\u0131sm\u0131 pigment imalinde, %80\u2019lik k\u0131sm\u0131 boyada, %8\u2019lik k\u0131sm\u0131 ka\u011f\u0131t ve polimer end\u00fcstrisinde kullan\u0131lmaktad\u0131r. &nbsp; Pigment olarak boyalarda, Kozmetikte parlakl\u0131k artt\u0131r\u0131c\u0131, G\u00fcne\u015f kremlerinde UV&hellip; <a class=\"more-link\" href=\"https:\/\/gtmpowder.com\/en\/product\/titanyum-dioksit-anatas\/\" data-no-translation=\"\" data-trp-gettext=\"\">Continue reading <span class=\"screen-reader-text\">Titanyum Dioksit (Anatas)<\/span><\/a><\/p>","protected":false},"featured_media":828,"comment_status":"open","ping_status":"closed","template":"","meta":[],"product_cat":[24],"product_tag":[],"class_list":["post-404","product","type-product","status-publish","has-post-thumbnail","hentry","product_cat-metal-oksit-tozlari","tm-no-options","entry"],"_links":{"self":[{"href":"https:\/\/gtmpowder.com\/en\/wp-json\/wp\/v2\/product\/404","targetHints":{"allow":["GET"]}}],"collection":[{"href":"https:\/\/gtmpowder.com\/en\/wp-json\/wp\/v2\/product"}],"about":[{"href":"https:\/\/gtmpowder.com\/en\/wp-json\/wp\/v2\/types\/product"}],"replies":[{"embeddable":true,"href":"https:\/\/gtmpowder.com\/en\/wp-json\/wp\/v2\/comments?post=404"}],"wp:featuredmedia":[{"embeddable":true,"href":"https:\/\/gtmpowder.com\/en\/wp-json\/wp\/v2\/media\/828"}],"wp:attachment":[{"href":"https:\/\/gtmpowder.com\/en\/wp-json\/wp\/v2\/media?parent=404"}],"wp:term":[{"taxonomy":"product_cat","embeddable":true,"href":"https:\/\/gtmpowder.com\/en\/wp-json\/wp\/v2\/product_cat?post=404"},{"taxonomy":"product_tag","embeddable":true,"href":"https:\/\/gtmpowder.com\/en\/wp-json\/wp\/v2\/product_tag?post=404"}],"curies":[{"name":"wp","href":"https:\/\/api.w.org\/{rel}","templated":true}]}}