{"id":446,"date":"2023-01-27T07:53:37","date_gmt":"2023-01-27T07:53:37","guid":{"rendered":"https:\/\/gtmpowder.com\/?post_type=product&#038;p=446"},"modified":"2026-03-23T08:30:28","modified_gmt":"2026-03-23T08:30:28","slug":"silisyum-oksit-sio2-soda-silika-cami-tozu-granul","status":"publish","type":"product","link":"https:\/\/gtmpowder.com\/en\/product\/silisyum-oksit-sio2-soda-silika-cami-tozu-granul\/","title":{"rendered":"Silisyum Oksit  (SiO2 Soda Silika Cam\u0131 Tozu)"},"content":{"rendered":"<p><strong>Properties:<\/strong><\/p>\n<p><strong>\u00a0<\/strong><\/p>\n<p>CAS numaras\u0131:\u00a07631-86-9<\/p>\n<p>Ergime noktas\u0131: 800\u00b0C \/ 1472\u00b0F<\/p>\n<p>Yo\u011funluk: 2.5 g\/cm<sup>3<\/sup><\/p>\n<p>Safl\u0131k: %99<\/p>\n<p>&nbsp;<\/p>\n<p><strong>Applications <\/strong><\/p>\n<p>&nbsp;<\/p>\n<p>Y\u00fcksek mukavemetli beton \u00fcretiminde,<\/p>\n<p>Sentetik p\u0131rlanta yap\u0131m\u0131nda,<\/p>\n<p>Cam kavanoz ya da kap imalinde,<\/p>\n<p>Polimer esasl\u0131 kompozit malzemelerde mukavemet artt\u0131r\u0131c\u0131 takviye eleman\u0131 olarak,<\/p>\n<p>Metal tozlar\u0131 ile kar\u0131\u015ft\u0131r\u0131ld\u0131\u011f\u0131nda elektronik sekt\u00f6r\u00fcnde kullan\u0131lan lehimlerde koruyucu ya da \u00f6rt\u00fc olarak,<\/p>\n<p>Kaynak \u00f6rt\u00fcs\u00fc olarak,<\/p>\n<p>Tekstil ve ka\u011f\u0131t sekt\u00f6r\u00fcnde stabilizat\u00f6r olarak,<\/p>\n<p>Kozmetik cilt bak\u0131m \u00fcr\u00fcnlerinde parlakl\u0131k artt\u0131r\u0131c\u0131 olarak,<\/p>\n<p>Yal\u0131t\u0131mda cam y\u00fcn\u00fc imalinde,<\/p>\n<p>Temizlik sekt\u00f6r\u00fcnde mekanik toz \u00e7\u00f6z\u00fcc\u00fc olarak,<\/p>\n<p>Parlatma ve polisaj i\u015flemlerinde y\u00fczey temizleyici ve a\u015f\u0131nd\u0131r\u0131c\u0131 olarak,<\/p>\n<p>D\u00f6k\u00fcm sekt\u00f6r\u00fcnde d\u00f6k\u00fcm kumu ba\u011flay\u0131c\u0131s\u0131 olarak,<\/p>\n<p>S\u0131zd\u0131rmazl\u0131k \u00fcr\u00fcnlerinde katk\u0131 maddesi olarak,<\/p>\n<p>Su ar\u0131tma sistemlerinde,<\/p>\n<p>Mercek ve prizma yap\u0131m\u0131nda kullan\u0131lmaktad\u0131r.<\/p>\n<p>&nbsp;<\/p>\n<p><strong>Hazards:<\/strong><\/p>\n<p>&nbsp;<\/p>\n<p>Yan\u0131c\u0131, alev al\u0131c\u0131 ya da parlay\u0131c\u0131 de\u011fildir.<\/p>\n<p>It should never be directly inhaled, swallowed, or rubbed into the eyes.<\/p>\n<p>Protective mask and gloves should be used during use.<\/p>\n<p>Protective mask and gloves should be used during use.\nIt should be stored in a moisture-free environment.<\/p>","protected":false},"excerpt":{"rendered":"<p>Teknik \u00d6zellikler: \u00a0 CAS numaras\u0131:\u00a07631-86-9 Ergime noktas\u0131: 800\u00b0C \/ 1472\u00b0F Yo\u011funluk: 2.5 g\/cm3 Safl\u0131k: %99 &nbsp; Kullan\u0131m Alanlar\u0131: &nbsp; Y\u00fcksek mukavemetli beton \u00fcretiminde, Sentetik p\u0131rlanta yap\u0131m\u0131nda, Cam kavanoz ya da kap imalinde, Polimer esasl\u0131 kompozit malzemelerde mukavemet artt\u0131r\u0131c\u0131 takviye eleman\u0131 olarak, Metal tozlar\u0131 ile kar\u0131\u015ft\u0131r\u0131ld\u0131\u011f\u0131nda elektronik sekt\u00f6r\u00fcnde kullan\u0131lan lehimlerde koruyucu ya da \u00f6rt\u00fc olarak, Kaynak&hellip; <a class=\"more-link\" href=\"https:\/\/gtmpowder.com\/en\/product\/silisyum-oksit-sio2-soda-silika-cami-tozu-granul\/\" data-no-translation=\"\" data-trp-gettext=\"\">Continue reading <span class=\"screen-reader-text\">Silisyum Oksit  (SiO2 Soda Silika Cam\u0131 Tozu)<\/span><\/a><\/p>","protected":false},"featured_media":1072,"comment_status":"open","ping_status":"closed","template":"","meta":[],"product_cat":[24],"product_tag":[],"class_list":["post-446","product","type-product","status-publish","has-post-thumbnail","hentry","product_cat-metal-oksit-tozlari","tm-no-options","entry"],"_links":{"self":[{"href":"https:\/\/gtmpowder.com\/en\/wp-json\/wp\/v2\/product\/446","targetHints":{"allow":["GET"]}}],"collection":[{"href":"https:\/\/gtmpowder.com\/en\/wp-json\/wp\/v2\/product"}],"about":[{"href":"https:\/\/gtmpowder.com\/en\/wp-json\/wp\/v2\/types\/product"}],"replies":[{"embeddable":true,"href":"https:\/\/gtmpowder.com\/en\/wp-json\/wp\/v2\/comments?post=446"}],"wp:featuredmedia":[{"embeddable":true,"href":"https:\/\/gtmpowder.com\/en\/wp-json\/wp\/v2\/media\/1072"}],"wp:attachment":[{"href":"https:\/\/gtmpowder.com\/en\/wp-json\/wp\/v2\/media?parent=446"}],"wp:term":[{"taxonomy":"product_cat","embeddable":true,"href":"https:\/\/gtmpowder.com\/en\/wp-json\/wp\/v2\/product_cat?post=446"},{"taxonomy":"product_tag","embeddable":true,"href":"https:\/\/gtmpowder.com\/en\/wp-json\/wp\/v2\/product_tag?post=446"}],"curies":[{"name":"wp","href":"https:\/\/api.w.org\/{rel}","templated":true}]}}