{"id":751,"date":"2023-02-15T07:10:09","date_gmt":"2023-02-15T07:10:09","guid":{"rendered":"https:\/\/gtmpowder.com\/?post_type=product&#038;p=751"},"modified":"2026-03-23T08:30:25","modified_gmt":"2026-03-23T08:30:25","slug":"demir-tozu","status":"publish","type":"product","link":"https:\/\/gtmpowder.com\/en\/product\/demir-tozu\/","title":{"rendered":"Iron Powder"},"content":{"rendered":"<p><strong>DEM\u0130R TOZU (Fe)<\/strong><\/p>\n<p>&nbsp;<\/p>\n<p><strong>Details:<\/strong><br \/>\nEnd\u00fcstriyel kullan\u0131m\u0131nda par\u00e7ac\u0131k tane b\u00fcy\u00fckl\u00fc\u011f\u00fc 20-200 mikron aral\u0131\u011f\u0131nda tercih edilmektedir. Demir bar\u0131nd\u0131rd\u0131\u011f\u0131 y\u00fcksek i\u00e7 enerji, k\u0131r\u0131lma toklu\u011fu ve mukavemet de\u011ferleri sebebiyle, \u00e7elik ve ala\u015f\u0131ml\u0131 \u00e7elik malzemelerin yap\u0131m\u0131nda, elektrom\u0131knat\u0131s ve elektrik motor sanayinde, otomotivde dayan\u0131m istenen mil, flan\u015f ve motor par\u00e7alar\u0131n\u0131n yap\u0131m\u0131nda kullan\u0131lmaktad\u0131r. Ayr\u0131ca k\u00fc\u00e7\u00fck tane boyutlar\u0131na gidildik\u00e7e yak\u0131tlarda verimlilik art\u0131r\u0131c\u0131 partik\u00fcl olarak, seramik esasl\u0131 kompozitlerde tokluk art\u0131r\u0131c\u0131 katk\u0131 malzemesi olarak kullan\u0131lmaktad\u0131r.<\/p>\n<p>&nbsp;<\/p>\n<p><strong>Properties:<\/strong><br \/>\nCAS numaras\u0131: 7439-89-6<br \/>\nYo\u011funluk: 7,86 g\/cm3<br \/>\nErgime s\u0131cakl\u0131\u011f\u0131: 1535\u00b0C<br \/>\nKaynama s\u0131cakl\u0131\u011f\u0131: 2750\u00b0C<br \/>\nMolek\u00fcl k\u00fctlesi: 55,85 g\/mol<\/p>\n<p>&nbsp;<\/p>\n<p><strong>Applications<\/strong><br \/>\nKam ve krank millerinin, subap ve motor par\u00e7alar\u0131n\u0131n \u00fcretiminde,<br \/>\nAktarma organlar\u0131 ve t\u00fcrbin flan\u015flar\u0131nda,<br \/>\nManyetik malzeme ve elektrik motorlar\u0131 yap\u0131m\u0131nda,<br \/>\nSinter di\u015fli ve bur\u00e7 par\u00e7alar\u0131 yap\u0131m\u0131nda,<br \/>\nYak\u0131t katk\u0131s\u0131 ve termit yap\u0131m\u0131nda hammadde (oksidizer) olarak,<br \/>\nG\u0131da takviyelerinde ve ila\u00e7larda,<br \/>\nElektrik sanayisinde motor ve manyetik par\u00e7alar\u0131n \u00fcretiminde,<br \/>\nKimyasal reaksiyonlarda indirgeyici olarak kullan\u0131lmaktad\u0131r.<\/p>\n<p>&nbsp;<\/p>\n<p><strong>Hazards:<\/strong><br \/>\nYan\u0131c\u0131d\u0131r.<br \/>\nIt should never be directly inhaled, swallowed, or rubbed into the eyes.<br \/>\nProtective mask and gloves should be used during use.<br \/>\nProtective mask and gloves should be used during use.\nIt should be stored in a moisture-free environment.<\/p>","protected":false},"excerpt":{"rendered":"<p>DEM\u0130R TOZU (Fe) &nbsp; A\u00e7\u0131klama: End\u00fcstriyel kullan\u0131m\u0131nda par\u00e7ac\u0131k tane b\u00fcy\u00fckl\u00fc\u011f\u00fc 20-200 mikron aral\u0131\u011f\u0131nda tercih edilmektedir. Demir bar\u0131nd\u0131rd\u0131\u011f\u0131 y\u00fcksek i\u00e7 enerji, k\u0131r\u0131lma toklu\u011fu ve mukavemet de\u011ferleri sebebiyle, \u00e7elik ve ala\u015f\u0131ml\u0131 \u00e7elik malzemelerin yap\u0131m\u0131nda, elektrom\u0131knat\u0131s ve elektrik motor sanayinde, otomotivde dayan\u0131m istenen mil, flan\u015f ve motor par\u00e7alar\u0131n\u0131n yap\u0131m\u0131nda kullan\u0131lmaktad\u0131r. Ayr\u0131ca k\u00fc\u00e7\u00fck tane boyutlar\u0131na gidildik\u00e7e yak\u0131tlarda verimlilik art\u0131r\u0131c\u0131&hellip; <a class=\"more-link\" href=\"https:\/\/gtmpowder.com\/en\/product\/demir-tozu\/\" data-no-translation=\"\" data-trp-gettext=\"\">Continue reading <span class=\"screen-reader-text\">Demir Tozu<\/span><\/a><\/p>","protected":false},"featured_media":942,"comment_status":"open","ping_status":"closed","template":"","meta":[],"product_cat":[27],"product_tag":[],"class_list":["post-751","product","type-product","status-publish","has-post-thumbnail","hentry","product_cat-metal-tozlari","tm-no-options","entry"],"_links":{"self":[{"href":"https:\/\/gtmpowder.com\/en\/wp-json\/wp\/v2\/product\/751","targetHints":{"allow":["GET"]}}],"collection":[{"href":"https:\/\/gtmpowder.com\/en\/wp-json\/wp\/v2\/product"}],"about":[{"href":"https:\/\/gtmpowder.com\/en\/wp-json\/wp\/v2\/types\/product"}],"replies":[{"embeddable":true,"href":"https:\/\/gtmpowder.com\/en\/wp-json\/wp\/v2\/comments?post=751"}],"wp:featuredmedia":[{"embeddable":true,"href":"https:\/\/gtmpowder.com\/en\/wp-json\/wp\/v2\/media\/942"}],"wp:attachment":[{"href":"https:\/\/gtmpowder.com\/en\/wp-json\/wp\/v2\/media?parent=751"}],"wp:term":[{"taxonomy":"product_cat","embeddable":true,"href":"https:\/\/gtmpowder.com\/en\/wp-json\/wp\/v2\/product_cat?post=751"},{"taxonomy":"product_tag","embeddable":true,"href":"https:\/\/gtmpowder.com\/en\/wp-json\/wp\/v2\/product_tag?post=751"}],"curies":[{"name":"wp","href":"https:\/\/api.w.org\/{rel}","templated":true}]}}