{"id":752,"date":"2023-02-15T07:10:36","date_gmt":"2023-02-15T07:10:36","guid":{"rendered":"https:\/\/gtmpowder.com\/?post_type=product&#038;p=752"},"modified":"2026-03-23T08:30:28","modified_gmt":"2026-03-23T08:30:28","slug":"bakir-tozu","status":"publish","type":"product","link":"https:\/\/gtmpowder.com\/en\/product\/bakir-tozu\/","title":{"rendered":"Copper Powder"},"content":{"rendered":"<p><strong>Copper Powder (Cu)<\/strong><\/p>\n<p>&nbsp;<\/p>\n<p><strong>Details:<\/strong><br \/>\nCopper is an element that comes into prominence with its superior electrical and thermal conductivity. In virtue of these properties, copper is used as a circuit element and conductor in the electrical and electronics industry. It is a material that can be coated on the surfaces of various materials by electroplating. Additionally, due to its low hardness and high fracture toughness properties, it is used as a base material in welding and soldering applications. It is used as a mold and oxidation inhibitor paint in ship machinery, yachts and furniture; in areas where high strength values are desired, it is ensured that the brass material is formed by alloying method.<\/p>\n<p>&nbsp;<\/p>\n<p><strong>Properties:<\/strong><br \/>\nCAS Number: 7440-50-8<br \/>\nDensity: 8,94 g\/cm3<br \/>\nMelt Point: 1083\u00b0C<br \/>\nBoiling Point: 2567\u00b0C<br \/>\nMolar Mass: 63,55 g\/mol<\/p>\n<p>&nbsp;<\/p>\n<p class=\" translation-block\">Applications\n\nIt is used:\n\nAs an anticorrosive coating material in sectors where corrosion problems are intense such as maritime,\nIn the electronics industry and in the manufacturing of composite materials with high thermal conductivity,\nIn the manufacture of welding electrodes and brazing wire,\nIn the production of powder metallurgical bearings and lubricating materials from bronze and brass alloys,\nIn the production of heat exchanger and air conditioner parts,\nAs a binding material additive in the production of abrasive stones and discs.<\/p>\n<p>&nbsp;<\/p>\n<p><strong>Hazards:<\/strong><br \/>\nIt is flammable. It can ignite in air spontaneously.<br \/>\nIt should never be directly inhaled, swallowed, or rubbed into the eyes.<br \/>\nProtective mask and gloves should be used during use.<br \/>\nProtective mask and gloves should be used during use.\nIt should be stored in a moisture-free environment.<\/p>","protected":false},"excerpt":{"rendered":"<p>BAKIR TOZU (Cu) &nbsp; A\u00e7\u0131klama: Bak\u0131r, sahip oldu\u011fu \u00fcst\u00fcn elektriksel ve termal iletkenli\u011fi ile \u00f6n plana \u00e7\u0131kan bir elementtir. Bu \u00f6zellikleri sayesinde bak\u0131r, elektrik ve elektronik sekt\u00f6r\u00fcnde devre eleman\u0131 ve iletken olarak kullan\u0131lmaktad\u0131r. \u00c7e\u015fitli malzemelerin y\u00fczeylerine elektrokaplama ile kaplanabilen bir malzemedir. Ayr\u0131ca, sahip oldu\u011fu d\u00fc\u015f\u00fck sertlik ve y\u00fcksek k\u0131r\u0131lma toklu\u011fu \u00f6zellikleri sebebiyle kaynak ve lehim&hellip; <a class=\"more-link\" href=\"https:\/\/gtmpowder.com\/en\/product\/bakir-tozu\/\" data-no-translation=\"\" data-trp-gettext=\"\">Continue reading <span class=\"screen-reader-text\">Bak\u0131r Tozu<\/span><\/a><\/p>","protected":false},"featured_media":941,"comment_status":"open","ping_status":"closed","template":"","meta":[],"product_cat":[27],"product_tag":[],"class_list":["post-752","product","type-product","status-publish","has-post-thumbnail","hentry","product_cat-metal-tozlari","tm-no-options","entry"],"_links":{"self":[{"href":"https:\/\/gtmpowder.com\/en\/wp-json\/wp\/v2\/product\/752","targetHints":{"allow":["GET"]}}],"collection":[{"href":"https:\/\/gtmpowder.com\/en\/wp-json\/wp\/v2\/product"}],"about":[{"href":"https:\/\/gtmpowder.com\/en\/wp-json\/wp\/v2\/types\/product"}],"replies":[{"embeddable":true,"href":"https:\/\/gtmpowder.com\/en\/wp-json\/wp\/v2\/comments?post=752"}],"wp:featuredmedia":[{"embeddable":true,"href":"https:\/\/gtmpowder.com\/en\/wp-json\/wp\/v2\/media\/941"}],"wp:attachment":[{"href":"https:\/\/gtmpowder.com\/en\/wp-json\/wp\/v2\/media?parent=752"}],"wp:term":[{"taxonomy":"product_cat","embeddable":true,"href":"https:\/\/gtmpowder.com\/en\/wp-json\/wp\/v2\/product_cat?post=752"},{"taxonomy":"product_tag","embeddable":true,"href":"https:\/\/gtmpowder.com\/en\/wp-json\/wp\/v2\/product_tag?post=752"}],"curies":[{"name":"wp","href":"https:\/\/api.w.org\/{rel}","templated":true}]}}