{"id":755,"date":"2023-02-15T07:12:22","date_gmt":"2023-02-15T07:12:22","guid":{"rendered":"https:\/\/gtmpowder.com\/?post_type=product&#038;p=755"},"modified":"2026-03-23T08:30:25","modified_gmt":"2026-03-23T08:30:25","slug":"cinko-tozu","status":"publish","type":"product","link":"https:\/\/gtmpowder.com\/en\/product\/cinko-tozu\/","title":{"rendered":"Zinc Powder"},"content":{"rendered":"<p><strong>Zinc Powder (Zn)<\/strong><\/p>\n<p>&nbsp;<\/p>\n<p><strong>Details:<\/strong><br \/>\nBecause of its low melting temperature and not easy oxidation feature, Zinc is used in anti-corrosive coatings of metallic materials and casting parts. It is used in the production of various soldering materials because of low melting temperature. It is also known that zinc element is used in various tissue cells for synthesizing complex vital life compounds.<\/p>\n<p>&nbsp;<\/p>\n<p><strong>Properties:<\/strong><br \/>\nCAS Number: 7440-66-6<br \/>\nDensity: 7.14 g\/cm3<br \/>\nMelting Point: 420\u00b0C<br \/>\nBoiling Point: 907\u00b0C<br \/>\nMolar Mass: 65.39 g\/mol<\/p>\n<p>&nbsp;<\/p>\n<p><strong>Applications<\/strong><br \/>\nIn Galvanizing of materials such as steel and anti-corrosive coating applications,<br \/>\nIn food supplements, in the synthesis of ointments and drugs,<br \/>\nIn the manufacture of casting parts because of its low melting temperature,<br \/>\nIn the production of alloy materials such as brass,<br \/>\nAs the basic component in production of electrical batteries,<br \/>\nIn the production of auto parts such as brake lining and pads,<br \/>\nAs a binder in the manufacture of inserts and sockets,<br \/>\nIn the repair of various equipment such as fishing gear (in the process known as zinc alloy soldering).<\/p>\n<p>&nbsp;<\/p>\n<p><strong>Hazards:<\/strong><br \/>\nIt is flammable. It can ignite in air spontaneously.<br \/>\nIt should never be directly inhaled, swallowed, or rubbed into the eyes.<br \/>\nProtective mask and gloves should be used during use.<br \/>\nProtective mask and gloves should be used during use.\nIt should be stored in a moisture-free environment.<\/p>","protected":false},"excerpt":{"rendered":"<p>\u00c7\u0130NKO TOZU (Zn) &nbsp; A\u00e7\u0131klama: \u00c7inko, sahip oldu\u011fu d\u00fc\u015f\u00fck ergime s\u0131cakl\u0131\u011f\u0131 ve kolay oksitlenmeme \u00f6zelli\u011fi sayesinde metalik malzemelerin anti korozif kaplamalar\u0131nda ve d\u00f6k\u00fcm par\u00e7alar\u0131nda kullan\u0131lmaktad\u0131r. \u00c7inkonun er-gime s\u0131cakl\u0131\u011f\u0131n\u0131n d\u00fc\u015f\u00fckl\u00fc\u011f\u00fc \u00e7e\u015fitli lehim malzemelerinin yap\u0131m\u0131nda kullan\u0131lmas\u0131na olanak sa\u011f-lamaktad\u0131r. Ayr\u0131ca, ya\u015famsal bile\u015fiklerin sentezlenmesinde \u00e7e\u015fitli \u00e7inko bile\u015fiklerinin kullan\u0131ld\u0131\u011f\u0131 bilinmektedir. &nbsp; Teknik \u00d6zellikler: CAS numaras\u0131: 7440-66-6 Yo\u011funluk: 7,14 g\/cm3 Ergime&hellip; <a class=\"more-link\" href=\"https:\/\/gtmpowder.com\/en\/product\/cinko-tozu\/\" data-no-translation=\"\" data-trp-gettext=\"\">Continue reading <span class=\"screen-reader-text\">\u00c7inko Tozu<\/span><\/a><\/p>","protected":false},"featured_media":981,"comment_status":"open","ping_status":"closed","template":"","meta":[],"product_cat":[27],"product_tag":[],"class_list":["post-755","product","type-product","status-publish","has-post-thumbnail","hentry","product_cat-metal-tozlari","tm-no-options","entry"],"_links":{"self":[{"href":"https:\/\/gtmpowder.com\/en\/wp-json\/wp\/v2\/product\/755","targetHints":{"allow":["GET"]}}],"collection":[{"href":"https:\/\/gtmpowder.com\/en\/wp-json\/wp\/v2\/product"}],"about":[{"href":"https:\/\/gtmpowder.com\/en\/wp-json\/wp\/v2\/types\/product"}],"replies":[{"embeddable":true,"href":"https:\/\/gtmpowder.com\/en\/wp-json\/wp\/v2\/comments?post=755"}],"wp:featuredmedia":[{"embeddable":true,"href":"https:\/\/gtmpowder.com\/en\/wp-json\/wp\/v2\/media\/981"}],"wp:attachment":[{"href":"https:\/\/gtmpowder.com\/en\/wp-json\/wp\/v2\/media?parent=755"}],"wp:term":[{"taxonomy":"product_cat","embeddable":true,"href":"https:\/\/gtmpowder.com\/en\/wp-json\/wp\/v2\/product_cat?post=755"},{"taxonomy":"product_tag","embeddable":true,"href":"https:\/\/gtmpowder.com\/en\/wp-json\/wp\/v2\/product_tag?post=755"}],"curies":[{"name":"wp","href":"https:\/\/api.w.org\/{rel}","templated":true}]}}